{"id":1006,"date":"2025-03-28T14:26:45","date_gmt":"2025-03-28T13:26:45","guid":{"rendered":"http:\/\/sommerfoodle.com\/?page_id=1006"},"modified":"2025-07-05T15:45:43","modified_gmt":"2025-07-05T13:45:43","slug":"balades-et-randonnees-en-andorre","status":"publish","type":"page","link":"https:\/\/sommerfoodle.com\/fr\/balades-et-randonnees-en-andorre\/","title":{"rendered":"Balades et randonn\u00e9es en Andorre"},"content":{"rendered":"\n<p>Install\u00e9e en Andorre avec mon mari depuis plus de 2 ans, nous d\u00e9couvrons chaque semaine des lieux incroyables. Nous sommes adeptes d&rsquo;excursions en pleine nature depuis plusieurs ann\u00e9es. Cela a d&rsquo;ailleurs largement contribu\u00e9 \u00e0 notre choix de vivre en Andorre. Nous profitons de ce cadre de vie exceptionnel d\u00e8s que la m\u00e9t\u00e9o et notre travail nous le permettent. Les balades et randonn\u00e9es en Andorre sont devenues notre principal loisir .<\/p>\n\n\n\n<p>De la petite <a href=\"https:\/\/sommerfoodle.com\/2025\/04\/02\/promenade-printaniere-a-andorre-la-vieille\/\">balade printani\u00e8re<\/a> en ville \u00e0 la grande randonn\u00e9e en altitude, je vais essayer de vous faire partager nos excursions. Gr\u00e2ce \u00e0 ce blog, j&rsquo;esp\u00e8re vous faire voyager et vous donner envie de d\u00e9couvrir ce pays magnifique.Nous n&rsquo;arriverons, sans doute jamais au bout de nos d\u00e9couvertes tant il y a d&rsquo;endroits  mais sous aspirons \u00e0 faire tous les lieux incontournables de ce pays.<\/p>\n\n\n\n<p>Lors de vos randonn\u00e9es, je vous conseille de t\u00e9l\u00e9charger des traces GPS ( nous utilisons : <a href=\"https:\/\/osmand.net\/fr\/\">Osmand<\/a>) pour \u00e9viter de vous perdre. Cela nous a \u00e9t\u00e9 d&rsquo;une grande utilit\u00e9 \u00e0 plusieurs reprises.<\/p>\n","protected":false},"excerpt":{"rendered":"<p>Install\u00e9e en Andorre avec mon mari depuis plus de 2 ans, nous d\u00e9couvrons chaque semaine des lieux incroyables. Nous sommes adeptes d&rsquo;excursions en pleine nature &hellip; <\/p>\n","protected":false},"author":1,"featured_media":0,"parent":0,"menu_order":0,"comment_status":"closed","ping_status":"closed","template":"","meta":{"footnotes":""},"class_list":["post-1006","page","type-page","status-publish","hentry"],"yoast_head":"<!-- This site is optimized with the Yoast SEO plugin v27.5 - https:\/\/yoast.com\/product\/yoast-seo-wordpress\/ -->\n<title>Balades et randonn\u00e9es en Andorre - Sommerfoodle<\/title>\n<meta name=\"description\" content=\"Page qui r\u00e9pertorie les balades et randonn\u00e9es en Andorre. Photos de faune et de flore. Avis sur les plus beaux endroits.\" \/>\n<meta name=\"robots\" content=\"index, follow, max-snippet:-1, max-image-preview:large, max-video-preview:-1\" \/>\n<link rel=\"canonical\" href=\"https:\/\/sommerfoodle.com\/fr\/balades-et-randonnees-en-andorre\/\" \/>\n<meta property=\"og:locale\" content=\"fr_FR\" \/>\n<meta property=\"og:type\" content=\"article\" \/>\n<meta property=\"og:title\" content=\"Balades et randonn\u00e9es en Andorre - Sommerfoodle\" \/>\n<meta property=\"og:description\" content=\"Page qui r\u00e9pertorie les balades et randonn\u00e9es en Andorre. Photos de faune et de flore. Avis sur les plus beaux endroits.\" \/>\n<meta property=\"og:url\" content=\"https:\/\/sommerfoodle.com\/fr\/balades-et-randonnees-en-andorre\/\" \/>\n<meta property=\"og:site_name\" content=\"Sommerfoodle\" \/>\n<meta property=\"article:modified_time\" content=\"2025-07-05T13:45:43+00:00\" \/>\n<meta property=\"og:image\" content=\"https:\/\/sommerfoodle.com\/wp-content\/uploads\/2025\/06\/1000034807-min-scaled.jpg\" \/>\n\t<meta property=\"og:image:width\" content=\"1915\" \/>\n\t<meta property=\"og:image:height\" content=\"2560\" \/>\n\t<meta property=\"og:image:type\" content=\"image\/jpeg\" \/>\n<meta name=\"twitter:card\" content=\"summary_large_image\" \/>\n<meta name=\"twitter:label1\" content=\"Dur\u00e9e de lecture estim\u00e9e\" \/>\n\t<meta name=\"twitter:data1\" content=\"2 minutes\" \/>\n<script type=\"application\/ld+json\" class=\"yoast-schema-graph\">{\"@context\":\"https:\\\/\\\/schema.org\",\"@graph\":[{\"@type\":\"WebPage\",\"@id\":\"https:\\\/\\\/sommerfoodle.com\\\/balades-et-randonnees-en-andorre\\\/\",\"url\":\"https:\\\/\\\/sommerfoodle.com\\\/balades-et-randonnees-en-andorre\\\/\",\"name\":\"Balades et randonn\u00e9es en Andorre - Sommerfoodle\",\"isPartOf\":{\"@id\":\"https:\\\/\\\/sommerfoodle.com\\\/#website\"},\"datePublished\":\"2025-03-28T13:26:45+00:00\",\"dateModified\":\"2025-07-05T13:45:43+00:00\",\"description\":\"Page qui r\u00e9pertorie les balades et randonn\u00e9es en Andorre. Photos de faune et de flore. Avis sur les plus beaux endroits.\",\"breadcrumb\":{\"@id\":\"https:\\\/\\\/sommerfoodle.com\\\/balades-et-randonnees-en-andorre\\\/#breadcrumb\"},\"inLanguage\":\"fr-FR\",\"potentialAction\":[{\"@type\":\"ReadAction\",\"target\":[\"https:\\\/\\\/sommerfoodle.com\\\/balades-et-randonnees-en-andorre\\\/\"]}]},{\"@type\":\"BreadcrumbList\",\"@id\":\"https:\\\/\\\/sommerfoodle.com\\\/balades-et-randonnees-en-andorre\\\/#breadcrumb\",\"itemListElement\":[{\"@type\":\"ListItem\",\"position\":1,\"name\":\"Acceuil\",\"item\":\"https:\\\/\\\/sommerfoodle.com\\\/\"},{\"@type\":\"ListItem\",\"position\":2,\"name\":\"Balades et randonn\u00e9es en Andorre\"}]},{\"@type\":\"WebSite\",\"@id\":\"https:\\\/\\\/sommerfoodle.com\\\/#website\",\"url\":\"https:\\\/\\\/sommerfoodle.com\\\/\",\"name\":\"Sommerfoodle\",\"description\":\"Des recettes healthy, simples, rapides et \u00e9conomiques pour tous les jours\",\"publisher\":{\"@id\":\"https:\\\/\\\/sommerfoodle.com\\\/#\\\/schema\\\/person\\\/55b1a215b0a533d1620e80483350448c\"},\"potentialAction\":[{\"@type\":\"SearchAction\",\"target\":{\"@type\":\"EntryPoint\",\"urlTemplate\":\"https:\\\/\\\/sommerfoodle.com\\\/?s={search_term_string}\"},\"query-input\":{\"@type\":\"PropertyValueSpecification\",\"valueRequired\":true,\"valueName\":\"search_term_string\"}}],\"inLanguage\":\"fr-FR\"},{\"@type\":[\"Person\",\"Organization\"],\"@id\":\"https:\\\/\\\/sommerfoodle.com\\\/#\\\/schema\\\/person\\\/55b1a215b0a533d1620e80483350448c\",\"name\":\"Sommerfoodle\",\"image\":{\"@type\":\"ImageObject\",\"inLanguage\":\"fr-FR\",\"@id\":\"https:\\\/\\\/sommerfoodle.com\\\/wp-content\\\/uploads\\\/2026\\\/03\\\/cropped-Ajouter-un-titre2.png\",\"url\":\"https:\\\/\\\/sommerfoodle.com\\\/wp-content\\\/uploads\\\/2026\\\/03\\\/cropped-Ajouter-un-titre2.png\",\"contentUrl\":\"https:\\\/\\\/sommerfoodle.com\\\/wp-content\\\/uploads\\\/2026\\\/03\\\/cropped-Ajouter-un-titre2.png\",\"width\":323,\"height\":323,\"caption\":\"Sommerfoodle\"},\"logo\":{\"@id\":\"https:\\\/\\\/sommerfoodle.com\\\/wp-content\\\/uploads\\\/2026\\\/03\\\/cropped-Ajouter-un-titre2.png\"},\"sameAs\":[\"http:\\\/\\\/sommerfoodle.com\"]}]}<\/script>\n<!-- \/ Yoast SEO plugin. -->","yoast_head_json":{"title":"Balades et randonn\u00e9es en Andorre - Sommerfoodle","description":"Page qui r\u00e9pertorie les balades et randonn\u00e9es en Andorre. Photos de faune et de flore. Avis sur les plus beaux endroits.","robots":{"index":"index","follow":"follow","max-snippet":"max-snippet:-1","max-image-preview":"max-image-preview:large","max-video-preview":"max-video-preview:-1"},"canonical":"https:\/\/sommerfoodle.com\/fr\/balades-et-randonnees-en-andorre\/","og_locale":"fr_FR","og_type":"article","og_title":"Balades et randonn\u00e9es en Andorre - Sommerfoodle","og_description":"Page qui r\u00e9pertorie les balades et randonn\u00e9es en Andorre. Photos de faune et de flore. Avis sur les plus beaux endroits.","og_url":"https:\/\/sommerfoodle.com\/fr\/balades-et-randonnees-en-andorre\/","og_site_name":"Sommerfoodle","article_modified_time":"2025-07-05T13:45:43+00:00","og_image":[{"width":1915,"height":2560,"url":"https:\/\/sommerfoodle.com\/wp-content\/uploads\/2025\/06\/1000034807-min-scaled.jpg","type":"image\/jpeg"}],"twitter_card":"summary_large_image","twitter_misc":{"Dur\u00e9e de lecture estim\u00e9e":"2 minutes"},"schema":{"@context":"https:\/\/schema.org","@graph":[{"@type":"WebPage","@id":"https:\/\/sommerfoodle.com\/balades-et-randonnees-en-andorre\/","url":"https:\/\/sommerfoodle.com\/balades-et-randonnees-en-andorre\/","name":"Balades et randonn\u00e9es en Andorre - Sommerfoodle","isPartOf":{"@id":"https:\/\/sommerfoodle.com\/#website"},"datePublished":"2025-03-28T13:26:45+00:00","dateModified":"2025-07-05T13:45:43+00:00","description":"Page qui r\u00e9pertorie les balades et randonn\u00e9es en Andorre. Photos de faune et de flore. Avis sur les plus beaux endroits.","breadcrumb":{"@id":"https:\/\/sommerfoodle.com\/balades-et-randonnees-en-andorre\/#breadcrumb"},"inLanguage":"fr-FR","potentialAction":[{"@type":"ReadAction","target":["https:\/\/sommerfoodle.com\/balades-et-randonnees-en-andorre\/"]}]},{"@type":"BreadcrumbList","@id":"https:\/\/sommerfoodle.com\/balades-et-randonnees-en-andorre\/#breadcrumb","itemListElement":[{"@type":"ListItem","position":1,"name":"Acceuil","item":"https:\/\/sommerfoodle.com\/"},{"@type":"ListItem","position":2,"name":"Balades et randonn\u00e9es en Andorre"}]},{"@type":"WebSite","@id":"https:\/\/sommerfoodle.com\/#website","url":"https:\/\/sommerfoodle.com\/","name":"Sommerfoodle","description":"Des recettes healthy, simples, rapides et \u00e9conomiques pour tous les jours","publisher":{"@id":"https:\/\/sommerfoodle.com\/#\/schema\/person\/55b1a215b0a533d1620e80483350448c"},"potentialAction":[{"@type":"SearchAction","target":{"@type":"EntryPoint","urlTemplate":"https:\/\/sommerfoodle.com\/?s={search_term_string}"},"query-input":{"@type":"PropertyValueSpecification","valueRequired":true,"valueName":"search_term_string"}}],"inLanguage":"fr-FR"},{"@type":["Person","Organization"],"@id":"https:\/\/sommerfoodle.com\/#\/schema\/person\/55b1a215b0a533d1620e80483350448c","name":"Sommerfoodle","image":{"@type":"ImageObject","inLanguage":"fr-FR","@id":"https:\/\/sommerfoodle.com\/wp-content\/uploads\/2026\/03\/cropped-Ajouter-un-titre2.png","url":"https:\/\/sommerfoodle.com\/wp-content\/uploads\/2026\/03\/cropped-Ajouter-un-titre2.png","contentUrl":"https:\/\/sommerfoodle.com\/wp-content\/uploads\/2026\/03\/cropped-Ajouter-un-titre2.png","width":323,"height":323,"caption":"Sommerfoodle"},"logo":{"@id":"https:\/\/sommerfoodle.com\/wp-content\/uploads\/2026\/03\/cropped-Ajouter-un-titre2.png"},"sameAs":["http:\/\/sommerfoodle.com"]}]}},"_links":{"self":[{"href":"https:\/\/sommerfoodle.com\/fr\/wp-json\/wp\/v2\/pages\/1006","targetHints":{"allow":["GET"]}}],"collection":[{"href":"https:\/\/sommerfoodle.com\/fr\/wp-json\/wp\/v2\/pages"}],"about":[{"href":"https:\/\/sommerfoodle.com\/fr\/wp-json\/wp\/v2\/types\/page"}],"author":[{"embeddable":true,"href":"https:\/\/sommerfoodle.com\/fr\/wp-json\/wp\/v2\/users\/1"}],"replies":[{"embeddable":true,"href":"https:\/\/sommerfoodle.com\/fr\/wp-json\/wp\/v2\/comments?post=1006"}],"version-history":[{"count":2,"href":"https:\/\/sommerfoodle.com\/fr\/wp-json\/wp\/v2\/pages\/1006\/revisions"}],"predecessor-version":[{"id":1526,"href":"https:\/\/sommerfoodle.com\/fr\/wp-json\/wp\/v2\/pages\/1006\/revisions\/1526"}],"wp:attachment":[{"href":"https:\/\/sommerfoodle.com\/fr\/wp-json\/wp\/v2\/media?parent=1006"}],"curies":[{"name":"wp","href":"https:\/\/api.w.org\/{rel}","templated":true}]}}