{"id":119,"date":"2024-01-29T17:23:17","date_gmt":"2024-01-29T16:23:17","guid":{"rendered":"http:\/\/sommerfoodle.com\/?page_id=119"},"modified":"2025-11-05T18:38:54","modified_gmt":"2025-11-05T17:38:54","slug":"page-daccueil-sommerfoodle","status":"publish","type":"page","link":"https:\/\/sommerfoodle.com\/fr\/page-daccueil-sommerfoodle\/","title":{"rendered":"Sommerfoodle : food feel good"},"content":{"rendered":"\n<p>Sommerfoodle c&rsquo;est la cuisine du quotidien, la vie au naturel et des plaisirs simples.<\/p>\n\n\n\n<p>Passionn\u00e9e de p\u00e2tisseries et surtout gourmande, j&rsquo;ai entam\u00e9 il y a plus de 10 ans une reconversion professionnelle. CAP p\u00e2tisserie en poche, j&rsquo;ai <a href=\"https:\/\/sommerfoodle.com\/2025\/06\/26\/jai-ouvert-mon-salon-de-the\/\">ouvert un salon de th\u00e9 <\/a>\u00e0 Paris. Aujourd&rsquo;hui, j&rsquo;ai \u00e0 nouveau chang\u00e9 de vie puisque puisque je me suis install\u00e9e en Andorre. J&rsquo;ai fuit la fr\u00e9n\u00e9sie parisienne pour vivre au milieu des montagnes. Partag\u00e9e entre mon amour de la cuisine et la nature, j&rsquo;ai d\u00e9cid\u00e9 de cr\u00e9er ce blog. <\/p>\n\n\n\n<p>Je vous propose des recettes simples, rapides et \u00e9conomiques. En effet je d\u00e9teste le g\u00e2chis, la surconsommation, le superflu. Je privil\u00e9gie donc, les l\u00e9gumes de saison, locaux et bio. Ma cuisine est plut\u00f4t ax\u00e9e healthy ( peu sucr\u00e9e, pas trop grasse ) mais je m&rsquo;autorise de temps en temps quelques craquages.<\/p>\n\n\n\n<p>Perdue au milieu des montagnes andorranes, je profite de plaisirs simples tels que la randonn\u00e9e, baignade dans les lacs, cueillette&#8230;le bonheur !! Les <a href=\"https:\/\/www.facebook.com\/profile.php?id=100087393641500\">photos<\/a> parlent d&rsquo;elles-m\u00eames.<\/p>\n\n\n\n<p>Sommerfoodle refl\u00e8te tout ce que je suis, tout ce que j&rsquo;aime. C&rsquo;est un peu mon carnet de bord que je souhaite partager.<\/p>\n\n\n\n<p><\/p>\n","protected":false},"excerpt":{"rendered":"<p>Sommerfoodle c&rsquo;est la cuisine du quotidien, la vie au naturel et des plaisirs simples. Passionn\u00e9e de p\u00e2tisseries et surtout gourmande, j&rsquo;ai entam\u00e9 il y a &hellip; <\/p>\n","protected":false},"author":1,"featured_media":0,"parent":0,"menu_order":0,"comment_status":"closed","ping_status":"closed","template":"","meta":{"footnotes":""},"class_list":["post-119","page","type-page","status-publish","hentry"],"yoast_head":"<!-- This site is optimized with the Yoast SEO plugin v27.4 - https:\/\/yoast.com\/product\/yoast-seo-wordpress\/ -->\n<title>Sommerfoodle : food feel good - Sommerfoodle<\/title>\n<meta name=\"description\" content=\"Sommerfoodle : recettes faciles, \u00e9conomiques, rapides, d\u00e9couvertes culinaires et art de vivre en toute simplicit\u00e9.\" \/>\n<meta name=\"robots\" content=\"index, follow, max-snippet:-1, max-image-preview:large, max-video-preview:-1\" \/>\n<link rel=\"canonical\" href=\"https:\/\/sommerfoodle.com\/fr\/page-daccueil-sommerfoodle\/\" \/>\n<meta property=\"og:locale\" content=\"fr_FR\" \/>\n<meta property=\"og:type\" content=\"article\" \/>\n<meta property=\"og:title\" content=\"Sommerfoodle : food feel good - Sommerfoodle\" \/>\n<meta property=\"og:description\" content=\"Sommerfoodle : recettes faciles, \u00e9conomiques, rapides, d\u00e9couvertes culinaires et art de vivre en toute simplicit\u00e9.\" \/>\n<meta property=\"og:url\" content=\"https:\/\/sommerfoodle.com\/fr\/page-daccueil-sommerfoodle\/\" \/>\n<meta property=\"og:site_name\" content=\"Sommerfoodle\" \/>\n<meta property=\"article:modified_time\" content=\"2025-11-05T17:38:54+00:00\" \/>\n<meta name=\"twitter:card\" content=\"summary_large_image\" \/>\n<meta name=\"twitter:label1\" content=\"Dur\u00e9e de lecture estim\u00e9e\" \/>\n\t<meta name=\"twitter:data1\" content=\"1 minute\" \/>\n<script type=\"application\/ld+json\" class=\"yoast-schema-graph\">{\"@context\":\"https:\\\/\\\/schema.org\",\"@graph\":[{\"@type\":\"WebPage\",\"@id\":\"https:\\\/\\\/sommerfoodle.com\\\/page-daccueil-sommerfoodle\\\/\",\"url\":\"https:\\\/\\\/sommerfoodle.com\\\/page-daccueil-sommerfoodle\\\/\",\"name\":\"Sommerfoodle : food feel good - Sommerfoodle\",\"isPartOf\":{\"@id\":\"https:\\\/\\\/sommerfoodle.com\\\/#website\"},\"datePublished\":\"2024-01-29T16:23:17+00:00\",\"dateModified\":\"2025-11-05T17:38:54+00:00\",\"description\":\"Sommerfoodle : recettes faciles, \u00e9conomiques, rapides, d\u00e9couvertes culinaires et art de vivre en toute simplicit\u00e9.\",\"breadcrumb\":{\"@id\":\"https:\\\/\\\/sommerfoodle.com\\\/page-daccueil-sommerfoodle\\\/#breadcrumb\"},\"inLanguage\":\"fr-FR\",\"potentialAction\":[{\"@type\":\"ReadAction\",\"target\":[\"https:\\\/\\\/sommerfoodle.com\\\/page-daccueil-sommerfoodle\\\/\"]}]},{\"@type\":\"BreadcrumbList\",\"@id\":\"https:\\\/\\\/sommerfoodle.com\\\/page-daccueil-sommerfoodle\\\/#breadcrumb\",\"itemListElement\":[{\"@type\":\"ListItem\",\"position\":1,\"name\":\"Acceuil\",\"item\":\"https:\\\/\\\/sommerfoodle.com\\\/\"},{\"@type\":\"ListItem\",\"position\":2,\"name\":\"Sommerfoodle : food feel good\"}]},{\"@type\":\"WebSite\",\"@id\":\"https:\\\/\\\/sommerfoodle.com\\\/#website\",\"url\":\"https:\\\/\\\/sommerfoodle.com\\\/\",\"name\":\"Sommerfoodle\",\"description\":\"Des recettes healthy, simples, rapides et \u00e9conomiques pour tous les jours\",\"publisher\":{\"@id\":\"https:\\\/\\\/sommerfoodle.com\\\/#\\\/schema\\\/person\\\/55b1a215b0a533d1620e80483350448c\"},\"potentialAction\":[{\"@type\":\"SearchAction\",\"target\":{\"@type\":\"EntryPoint\",\"urlTemplate\":\"https:\\\/\\\/sommerfoodle.com\\\/?s={search_term_string}\"},\"query-input\":{\"@type\":\"PropertyValueSpecification\",\"valueRequired\":true,\"valueName\":\"search_term_string\"}}],\"inLanguage\":\"fr-FR\"},{\"@type\":[\"Person\",\"Organization\"],\"@id\":\"https:\\\/\\\/sommerfoodle.com\\\/#\\\/schema\\\/person\\\/55b1a215b0a533d1620e80483350448c\",\"name\":\"Sommerfoodle\",\"image\":{\"@type\":\"ImageObject\",\"inLanguage\":\"fr-FR\",\"@id\":\"https:\\\/\\\/sommerfoodle.com\\\/wp-content\\\/uploads\\\/2026\\\/03\\\/cropped-Ajouter-un-titre2.png\",\"url\":\"https:\\\/\\\/sommerfoodle.com\\\/wp-content\\\/uploads\\\/2026\\\/03\\\/cropped-Ajouter-un-titre2.png\",\"contentUrl\":\"https:\\\/\\\/sommerfoodle.com\\\/wp-content\\\/uploads\\\/2026\\\/03\\\/cropped-Ajouter-un-titre2.png\",\"width\":323,\"height\":323,\"caption\":\"Sommerfoodle\"},\"logo\":{\"@id\":\"https:\\\/\\\/sommerfoodle.com\\\/wp-content\\\/uploads\\\/2026\\\/03\\\/cropped-Ajouter-un-titre2.png\"},\"sameAs\":[\"http:\\\/\\\/sommerfoodle.com\"]}]}<\/script>\n<!-- \/ Yoast SEO plugin. -->","yoast_head_json":{"title":"Sommerfoodle : food feel good - Sommerfoodle","description":"Sommerfoodle : recettes faciles, \u00e9conomiques, rapides, d\u00e9couvertes culinaires et art de vivre en toute simplicit\u00e9.","robots":{"index":"index","follow":"follow","max-snippet":"max-snippet:-1","max-image-preview":"max-image-preview:large","max-video-preview":"max-video-preview:-1"},"canonical":"https:\/\/sommerfoodle.com\/fr\/page-daccueil-sommerfoodle\/","og_locale":"fr_FR","og_type":"article","og_title":"Sommerfoodle : food feel good - Sommerfoodle","og_description":"Sommerfoodle : recettes faciles, \u00e9conomiques, rapides, d\u00e9couvertes culinaires et art de vivre en toute simplicit\u00e9.","og_url":"https:\/\/sommerfoodle.com\/fr\/page-daccueil-sommerfoodle\/","og_site_name":"Sommerfoodle","article_modified_time":"2025-11-05T17:38:54+00:00","twitter_card":"summary_large_image","twitter_misc":{"Dur\u00e9e de lecture estim\u00e9e":"1 minute"},"schema":{"@context":"https:\/\/schema.org","@graph":[{"@type":"WebPage","@id":"https:\/\/sommerfoodle.com\/page-daccueil-sommerfoodle\/","url":"https:\/\/sommerfoodle.com\/page-daccueil-sommerfoodle\/","name":"Sommerfoodle : food feel good - Sommerfoodle","isPartOf":{"@id":"https:\/\/sommerfoodle.com\/#website"},"datePublished":"2024-01-29T16:23:17+00:00","dateModified":"2025-11-05T17:38:54+00:00","description":"Sommerfoodle : recettes faciles, \u00e9conomiques, rapides, d\u00e9couvertes culinaires et art de vivre en toute simplicit\u00e9.","breadcrumb":{"@id":"https:\/\/sommerfoodle.com\/page-daccueil-sommerfoodle\/#breadcrumb"},"inLanguage":"fr-FR","potentialAction":[{"@type":"ReadAction","target":["https:\/\/sommerfoodle.com\/page-daccueil-sommerfoodle\/"]}]},{"@type":"BreadcrumbList","@id":"https:\/\/sommerfoodle.com\/page-daccueil-sommerfoodle\/#breadcrumb","itemListElement":[{"@type":"ListItem","position":1,"name":"Acceuil","item":"https:\/\/sommerfoodle.com\/"},{"@type":"ListItem","position":2,"name":"Sommerfoodle : food feel good"}]},{"@type":"WebSite","@id":"https:\/\/sommerfoodle.com\/#website","url":"https:\/\/sommerfoodle.com\/","name":"Sommerfoodle","description":"Des recettes healthy, simples, rapides et \u00e9conomiques pour tous les jours","publisher":{"@id":"https:\/\/sommerfoodle.com\/#\/schema\/person\/55b1a215b0a533d1620e80483350448c"},"potentialAction":[{"@type":"SearchAction","target":{"@type":"EntryPoint","urlTemplate":"https:\/\/sommerfoodle.com\/?s={search_term_string}"},"query-input":{"@type":"PropertyValueSpecification","valueRequired":true,"valueName":"search_term_string"}}],"inLanguage":"fr-FR"},{"@type":["Person","Organization"],"@id":"https:\/\/sommerfoodle.com\/#\/schema\/person\/55b1a215b0a533d1620e80483350448c","name":"Sommerfoodle","image":{"@type":"ImageObject","inLanguage":"fr-FR","@id":"https:\/\/sommerfoodle.com\/wp-content\/uploads\/2026\/03\/cropped-Ajouter-un-titre2.png","url":"https:\/\/sommerfoodle.com\/wp-content\/uploads\/2026\/03\/cropped-Ajouter-un-titre2.png","contentUrl":"https:\/\/sommerfoodle.com\/wp-content\/uploads\/2026\/03\/cropped-Ajouter-un-titre2.png","width":323,"height":323,"caption":"Sommerfoodle"},"logo":{"@id":"https:\/\/sommerfoodle.com\/wp-content\/uploads\/2026\/03\/cropped-Ajouter-un-titre2.png"},"sameAs":["http:\/\/sommerfoodle.com"]}]}},"_links":{"self":[{"href":"https:\/\/sommerfoodle.com\/fr\/wp-json\/wp\/v2\/pages\/119","targetHints":{"allow":["GET"]}}],"collection":[{"href":"https:\/\/sommerfoodle.com\/fr\/wp-json\/wp\/v2\/pages"}],"about":[{"href":"https:\/\/sommerfoodle.com\/fr\/wp-json\/wp\/v2\/types\/page"}],"author":[{"embeddable":true,"href":"https:\/\/sommerfoodle.com\/fr\/wp-json\/wp\/v2\/users\/1"}],"replies":[{"embeddable":true,"href":"https:\/\/sommerfoodle.com\/fr\/wp-json\/wp\/v2\/comments?post=119"}],"version-history":[{"count":5,"href":"https:\/\/sommerfoodle.com\/fr\/wp-json\/wp\/v2\/pages\/119\/revisions"}],"predecessor-version":[{"id":2958,"href":"https:\/\/sommerfoodle.com\/fr\/wp-json\/wp\/v2\/pages\/119\/revisions\/2958"}],"wp:attachment":[{"href":"https:\/\/sommerfoodle.com\/fr\/wp-json\/wp\/v2\/media?parent=119"}],"curies":[{"name":"wp","href":"https:\/\/api.w.org\/{rel}","templated":true}]}}