{"id":33,"date":"2024-01-29T11:34:58","date_gmt":"2024-01-29T10:34:58","guid":{"rendered":"http:\/\/sommerfoodle.com\/?page_id=33"},"modified":"2025-02-05T16:15:06","modified_gmt":"2025-02-05T15:15:06","slug":"mentions-legales","status":"publish","type":"page","link":"https:\/\/sommerfoodle.com\/fr\/mentions-legales\/","title":{"rendered":"Mentions l\u00e9gales"},"content":{"rendered":"\n<p>Nom :<strong> Sommerfoodle<\/strong><\/p>\n\n\n\n<p>Adresse : https:\/\/www.sommerfoodle.com<\/p>\n\n\n\n<p>Ce blog a \u00e9t\u00e9 cr\u00e9\u00e9 le 2 avril 2024 et son auteur et responsable de publication est joignable \u00e0 cette adresse : <a href=\"mailto:sommerfoodle@gmail.com\">sommerfoodle@gmail.com<\/a><\/p>\n\n\n\n<p>Sommerfoodle est <strong>un blog de recettes de cuisine et art de vivre<\/strong>. <strong>Vous ne pouvez ni reproduire cette base de donn\u00e9es, ni extraire des donn\u00e9es contenues dans cette base autrement que pour un usage priv\u00e9, conform\u00e9ment aux dispositions du<\/strong> <a href=\"https:\/\/www.legifrance.gouv.fr\/affichCodeArticle.do?cidTexte=LEGITEXT000006069414&amp;idArticle=LEGIARTI000006279245\" target=\"_blank\" rel=\"noreferrer noopener\">Code de la propri\u00e9t\u00e9 intellectuelle \u2013 Article L341-1<\/a><\/p>\n\n\n\n<p>La directrice de la publication est Aude Sommervogel joignable \u00e0 l\u2019adresse <a href=\"mailto:sommerfoodle@gmail.com\">sommerfoodle@gmail.com<\/a>.<\/p>\n\n\n\n<p><strong>En cas de r\u00e9clamation<\/strong> sur le contenu de ce blog, commentaire ou billet, je vous propose <a href=\"mailto:anne@papillesetpupilles.fr\" target=\"_blank\" rel=\"noreferrer noopener\">de m\u2019adresser un courrier \u00e9lectronique<\/a>.<\/p>\n\n\n\n<h2 class=\"wp-block-heading\">H\u00e9bergeur du site :&nbsp;<\/h2>\n\n\n\n<p>Le site est h\u00e9berg\u00e9 par Hostinger (le si\u00e8ge social est situ\u00e9 HOSTINGER INTERNATIONAL LTD, 61 Lordou Vironos Street, 6023 Larnaca, Chypre, joignable par le moyen suivant :<a href=\"https:\/\/www.hostinger.fr\/contact\" target=\"_blank\" rel=\"noreferrer noopener\">https:\/\/www.hostinger.fr\/contact<\/a>.<\/p>\n\n\n\n<h2 class=\"wp-block-heading\">Liens hypertextes<\/h2>\n\n\n\n<p><strong>Sommerfoodle<\/strong> <strong>autorise la mise en place d\u2019un lien hypertexte pointant vers son contenu<\/strong>, sous r\u00e9serve de ne pas utiliser la technique du lien profond (deep linking), c\u2019est-\u00e0-dire que les pages ne doivent pas \u00eatre imbriqu\u00e9es \u00e0 l\u2019int\u00e9rieur des pages d\u2019un autre site, mais accessible par l\u2019ouverture d\u2019une fen\u00eatre ; mentionner la source Sommerfoodle du contenu vis\u00e9 est obligatoire. Cette autorisation ne s\u2019applique pas aux sites Internet diffusant des informations \u00e0 caract\u00e8re pol\u00e9mique, pornographique, x\u00e9nophobe ou pouvant, dans une plus large mesure, porter atteinte \u00e0 la sensibilit\u00e9 du plus grand nombre ou \u00e0 l\u2019ordre public<\/p>\n\n\n\n<h2 class=\"wp-block-heading\">Propri\u00e9t\u00e9 intellectuelle<\/h2>\n\n\n\n<p><strong>Tous les \u00e9l\u00e9ments du blog Sommerfoodle<\/strong> (base de donn\u00e9es comportant textes, recettes, photographies) sont la propri\u00e9t\u00e9 exclusive d\u2019Aude Sommervogel (sauf mention contraire explicite). Je pr\u00e9cise que je suis la photographe (sauf mention contraire) de toutes les recettes de ce blog.<\/p>\n\n\n\n<p>Ces \u00e9l\u00e9ments sont prot\u00e9g\u00e9s par les lois relatives :<\/p>\n\n\n\n<ul class=\"wp-block-list\">\n<li><a href=\"https:\/\/www.legifrance.gouv.fr\/affichCode.do?idArticle=LEGIARTI000006279245&amp;idSectionTA=LEGISCTA000006161660&amp;cidTexte=LEGITEXT000006069414&amp;dateTexte=20090218\">aux droits des producteurs de base de donn\u00e9es<\/a>,<\/li>\n\n\n\n<li>aux droits d\u2019auteurs et \u00e0 la propri\u00e9t\u00e9 intellectuelle (<a href=\"http:\/\/www.legifrance.gouv.fr\/affichCode.do?cidTexte=LEGITEXT000006069414&amp;dateTexte=20090218\" target=\"_blank\" rel=\"noreferrer noopener\">code de la propri\u00e9t\u00e9 Intellectuelle<\/a> et <a href=\"http:\/\/fr.wikipedia.org\/wiki\/Convention_de_Berne_pour_la_protection_des_%C5%93uvres_litt%C3%A9raires_et_artistiques\" target=\"_blank\" rel=\"noreferrer noopener\">convention de Berne<\/a> notamment).<\/li>\n<\/ul>\n\n\n\n<p><strong>Sauf autorisation formelle \u00e9crite et pr\u00e9alable,\u2026<\/strong><\/p>\n\n\n\n<ul class=\"wp-block-list\">\n<li>toute reproduction, diffusion ou modification de tout ou en partie de ce site, en ligne ou hors ligne, sur papier ou tout autre support, m\u00eame audio.<\/li>\n\n\n\n<li>toute extraction, stockage, reproduction, conservation directe ou indirecte.<\/li>\n\n\n\n<li>toute mise en r\u00e9seau, toute rediffusion, toute exploitation.<\/li>\n\n\n\n<li>toute utilisation de\u00a0 robot, notamment d\u2019exploration (spider), d\u2019application de recherche et\/ou de r\u00e9cup\u00e9ration de sites Internet ou tout autre moyen permettant de r\u00e9cup\u00e9rer ou d\u2019indexer tout ou partie du contenu de Papilles et Pupilles.<\/li>\n<\/ul>\n\n\n\n<p>\u2026 <strong>pour des fins autres que celles d\u2019utilisation personnelle, est rigoureusement interdite<\/strong>. Cela concerne aussi<strong> le flux RSS.&nbsp;<\/strong>Toute commercialisation du contenu aupr\u00e8s de tiers n\u2019est \u00e9galement pas autoris\u00e9e. Il n\u2019est pas possible d\u2019utiliser ou d\u2019interroger Sommerfoodle pour le compte ou le profit d\u2019autrui. Il est \u00e9galement interdit d\u2019en permettre l\u2019acc\u00e8s \u00e0 des tiers.<\/p>\n\n\n\n<p>La violation de ces dispositions imp\u00e9ratives soumet le contrevenant, et toutes personnes responsables, aux peines p\u00e9nales et civiles pr\u00e9vues par la loi.<\/p>\n\n\n\n<p>Je vous rappelle que :<\/p>\n\n\n\n<p><strong><em>L\u2019utilisateur qui ne dispose pas de l\u2019autorisation de l\u2019auteur ou du titulaire des droits d\u2019auteur pour utiliser une \u0153uvre commet un acte de contrefa\u00e7on.<\/em><\/strong><strong><em>Il s\u2019expose \u00e0 \u00eatre condamn\u00e9 \u00e0 payer des dommages et int\u00e9r\u00eats en r\u00e9paration du pr\u00e9judice subi et \u00e0 des sanctions p\u00e9nales (peine encourue de 3 ans d\u2019emprisonnement, 300000 euros d\u2019amende)<\/em><\/strong><em>. <\/em>(<a href=\"https:\/\/www.economie.gouv.fr\/files\/files\/directions_services\/apie\/propriete_intellectuelle\/publications\/utiliser_contenu_etapes_essentielles.pdf\" target=\"_blank\" rel=\"noreferrer noopener\">source<\/a>)<\/p>\n\n\n\n<h2 class=\"wp-block-heading\">Responsabilit\u00e9<\/h2>\n\n\n\n<p>Sommerfoodle met \u00e0 la disposition des internautes une base de donn\u00e9es d\u2019informations pour lesquelles le maximum a \u00e9t\u00e9 fait pour s\u2019assurer de leur exactitude au moment de leur mise en ligne. Sommerfoodle ne saurait \u00eatre tenu pour responsable d\u2019\u00e9ventuelles erreurs ni d\u2019\u00e9ventuels pr\u00e9judices li\u00e9s \u00e0 la consultation de ces informations.<\/p>\n\n\n\n<p>Sommerfoodle ne saurait \u00eatre tenu responsable de l\u2019utilisation qui serait faite par les internautes des informations contenues dans le blog.<\/p>\n\n\n\n<p><strong>Des liens hypertextes<\/strong> pr\u00e9sents sur le site <a href=\"https:\/\/www.sommerfoodle.com\/\">https:\/\/www.sommerfoodle.com<\/a> permettent l\u2019acc\u00e8s \u00e0 d\u2019autres sites\/blogs .. sur lesquels Sommerfoodle n\u2019exerce aucun contr\u00f4le. La responsabilit\u00e9 de Sommerfoodle ne saurait en aucun cas \u00eatre engag\u00e9e en cas de pr\u00e9judice caus\u00e9 par le contenu d\u2019un ou plusieurs des sites\/blogs \u2026 rattach\u00e9s par un lien hypertexte.<\/p>\n\n\n\n<p><strong>Les commentaires<\/strong> que l\u2019on peut trouver au pied des billets refl\u00e8tent uniquement l\u2019avis de leurs auteurs. Ils sont mod\u00e9r\u00e9s a posteriori. Tout commentaire \u00e0 caract\u00e8re injurieux, diffamatoire, x\u00e9nophobe, raciste, antis\u00e9mite, pornographique, r\u00e9visionniste, homophobe, sexiste, d\u2019incitation \u00e0 la haine, \u00e0 la violence ou en g\u00e9n\u00e9ral tout sujet contraire \u00e0 la loi et aux valeurs humanistes ne sont pas accept\u00e9s. Je me r\u00e9serve le droit de supprimer sans avertissement tout commentaire d\u00e9rogeant \u00e0 cette r\u00e8gle.<\/p>\n","protected":false},"excerpt":{"rendered":"<p>Nom : Sommerfoodle Adresse : https:\/\/www.sommerfoodle.com Ce blog a \u00e9t\u00e9 cr\u00e9\u00e9 le 2 avril 2024 et son auteur et responsable de publication est joignable \u00e0 &hellip; <\/p>\n","protected":false},"author":1,"featured_media":0,"parent":0,"menu_order":0,"comment_status":"closed","ping_status":"closed","template":"","meta":{"footnotes":""},"class_list":["post-33","page","type-page","status-publish","hentry"],"yoast_head":"<!-- This site is optimized with the Yoast SEO plugin v27.5 - https:\/\/yoast.com\/product\/yoast-seo-wordpress\/ -->\n<title>Mentions l\u00e9gales - Sommerfoodle<\/title>\n<meta name=\"robots\" content=\"index, follow, max-snippet:-1, max-image-preview:large, max-video-preview:-1\" \/>\n<link rel=\"canonical\" href=\"https:\/\/sommerfoodle.com\/fr\/mentions-legales\/\" \/>\n<meta property=\"og:locale\" content=\"fr_FR\" \/>\n<meta property=\"og:type\" content=\"article\" \/>\n<meta property=\"og:title\" content=\"Mentions l\u00e9gales - Sommerfoodle\" \/>\n<meta property=\"og:description\" content=\"Nom : Sommerfoodle Adresse : https:\/\/www.sommerfoodle.com Ce blog a \u00e9t\u00e9 cr\u00e9\u00e9 le 2 avril 2024 et son auteur et responsable de publication est joignable \u00e0 &hellip;\" \/>\n<meta property=\"og:url\" content=\"https:\/\/sommerfoodle.com\/fr\/mentions-legales\/\" \/>\n<meta property=\"og:site_name\" content=\"Sommerfoodle\" \/>\n<meta property=\"article:modified_time\" content=\"2025-02-05T15:15:06+00:00\" \/>\n<meta name=\"twitter:card\" content=\"summary_large_image\" \/>\n<meta name=\"twitter:label1\" content=\"Dur\u00e9e de lecture estim\u00e9e\" \/>\n\t<meta name=\"twitter:data1\" content=\"4 minutes\" \/>\n<script type=\"application\/ld+json\" class=\"yoast-schema-graph\">{\"@context\":\"https:\\\/\\\/schema.org\",\"@graph\":[{\"@type\":\"WebPage\",\"@id\":\"https:\\\/\\\/sommerfoodle.com\\\/mentions-legales\\\/\",\"url\":\"https:\\\/\\\/sommerfoodle.com\\\/mentions-legales\\\/\",\"name\":\"Mentions l\u00e9gales - Sommerfoodle\",\"isPartOf\":{\"@id\":\"https:\\\/\\\/sommerfoodle.com\\\/#website\"},\"datePublished\":\"2024-01-29T10:34:58+00:00\",\"dateModified\":\"2025-02-05T15:15:06+00:00\",\"breadcrumb\":{\"@id\":\"https:\\\/\\\/sommerfoodle.com\\\/mentions-legales\\\/#breadcrumb\"},\"inLanguage\":\"fr-FR\",\"potentialAction\":[{\"@type\":\"ReadAction\",\"target\":[\"https:\\\/\\\/sommerfoodle.com\\\/mentions-legales\\\/\"]}]},{\"@type\":\"BreadcrumbList\",\"@id\":\"https:\\\/\\\/sommerfoodle.com\\\/mentions-legales\\\/#breadcrumb\",\"itemListElement\":[{\"@type\":\"ListItem\",\"position\":1,\"name\":\"Acceuil\",\"item\":\"https:\\\/\\\/sommerfoodle.com\\\/\"},{\"@type\":\"ListItem\",\"position\":2,\"name\":\"Mentions l\u00e9gales\"}]},{\"@type\":\"WebSite\",\"@id\":\"https:\\\/\\\/sommerfoodle.com\\\/#website\",\"url\":\"https:\\\/\\\/sommerfoodle.com\\\/\",\"name\":\"Sommerfoodle\",\"description\":\"Des recettes healthy, simples, rapides et \u00e9conomiques pour tous les jours\",\"publisher\":{\"@id\":\"https:\\\/\\\/sommerfoodle.com\\\/#\\\/schema\\\/person\\\/55b1a215b0a533d1620e80483350448c\"},\"potentialAction\":[{\"@type\":\"SearchAction\",\"target\":{\"@type\":\"EntryPoint\",\"urlTemplate\":\"https:\\\/\\\/sommerfoodle.com\\\/?s={search_term_string}\"},\"query-input\":{\"@type\":\"PropertyValueSpecification\",\"valueRequired\":true,\"valueName\":\"search_term_string\"}}],\"inLanguage\":\"fr-FR\"},{\"@type\":[\"Person\",\"Organization\"],\"@id\":\"https:\\\/\\\/sommerfoodle.com\\\/#\\\/schema\\\/person\\\/55b1a215b0a533d1620e80483350448c\",\"name\":\"Sommerfoodle\",\"image\":{\"@type\":\"ImageObject\",\"inLanguage\":\"fr-FR\",\"@id\":\"https:\\\/\\\/sommerfoodle.com\\\/wp-content\\\/uploads\\\/2026\\\/03\\\/cropped-Ajouter-un-titre2.png\",\"url\":\"https:\\\/\\\/sommerfoodle.com\\\/wp-content\\\/uploads\\\/2026\\\/03\\\/cropped-Ajouter-un-titre2.png\",\"contentUrl\":\"https:\\\/\\\/sommerfoodle.com\\\/wp-content\\\/uploads\\\/2026\\\/03\\\/cropped-Ajouter-un-titre2.png\",\"width\":323,\"height\":323,\"caption\":\"Sommerfoodle\"},\"logo\":{\"@id\":\"https:\\\/\\\/sommerfoodle.com\\\/wp-content\\\/uploads\\\/2026\\\/03\\\/cropped-Ajouter-un-titre2.png\"},\"sameAs\":[\"http:\\\/\\\/sommerfoodle.com\"]}]}<\/script>\n<!-- \/ Yoast SEO plugin. -->","yoast_head_json":{"title":"Mentions l\u00e9gales - Sommerfoodle","robots":{"index":"index","follow":"follow","max-snippet":"max-snippet:-1","max-image-preview":"max-image-preview:large","max-video-preview":"max-video-preview:-1"},"canonical":"https:\/\/sommerfoodle.com\/fr\/mentions-legales\/","og_locale":"fr_FR","og_type":"article","og_title":"Mentions l\u00e9gales - Sommerfoodle","og_description":"Nom : Sommerfoodle Adresse : https:\/\/www.sommerfoodle.com Ce blog a \u00e9t\u00e9 cr\u00e9\u00e9 le 2 avril 2024 et son auteur et responsable de publication est joignable \u00e0 &hellip;","og_url":"https:\/\/sommerfoodle.com\/fr\/mentions-legales\/","og_site_name":"Sommerfoodle","article_modified_time":"2025-02-05T15:15:06+00:00","twitter_card":"summary_large_image","twitter_misc":{"Dur\u00e9e de lecture estim\u00e9e":"4 minutes"},"schema":{"@context":"https:\/\/schema.org","@graph":[{"@type":"WebPage","@id":"https:\/\/sommerfoodle.com\/mentions-legales\/","url":"https:\/\/sommerfoodle.com\/mentions-legales\/","name":"Mentions l\u00e9gales - Sommerfoodle","isPartOf":{"@id":"https:\/\/sommerfoodle.com\/#website"},"datePublished":"2024-01-29T10:34:58+00:00","dateModified":"2025-02-05T15:15:06+00:00","breadcrumb":{"@id":"https:\/\/sommerfoodle.com\/mentions-legales\/#breadcrumb"},"inLanguage":"fr-FR","potentialAction":[{"@type":"ReadAction","target":["https:\/\/sommerfoodle.com\/mentions-legales\/"]}]},{"@type":"BreadcrumbList","@id":"https:\/\/sommerfoodle.com\/mentions-legales\/#breadcrumb","itemListElement":[{"@type":"ListItem","position":1,"name":"Acceuil","item":"https:\/\/sommerfoodle.com\/"},{"@type":"ListItem","position":2,"name":"Mentions l\u00e9gales"}]},{"@type":"WebSite","@id":"https:\/\/sommerfoodle.com\/#website","url":"https:\/\/sommerfoodle.com\/","name":"Sommerfoodle","description":"Des recettes healthy, simples, rapides et \u00e9conomiques pour tous les jours","publisher":{"@id":"https:\/\/sommerfoodle.com\/#\/schema\/person\/55b1a215b0a533d1620e80483350448c"},"potentialAction":[{"@type":"SearchAction","target":{"@type":"EntryPoint","urlTemplate":"https:\/\/sommerfoodle.com\/?s={search_term_string}"},"query-input":{"@type":"PropertyValueSpecification","valueRequired":true,"valueName":"search_term_string"}}],"inLanguage":"fr-FR"},{"@type":["Person","Organization"],"@id":"https:\/\/sommerfoodle.com\/#\/schema\/person\/55b1a215b0a533d1620e80483350448c","name":"Sommerfoodle","image":{"@type":"ImageObject","inLanguage":"fr-FR","@id":"https:\/\/sommerfoodle.com\/wp-content\/uploads\/2026\/03\/cropped-Ajouter-un-titre2.png","url":"https:\/\/sommerfoodle.com\/wp-content\/uploads\/2026\/03\/cropped-Ajouter-un-titre2.png","contentUrl":"https:\/\/sommerfoodle.com\/wp-content\/uploads\/2026\/03\/cropped-Ajouter-un-titre2.png","width":323,"height":323,"caption":"Sommerfoodle"},"logo":{"@id":"https:\/\/sommerfoodle.com\/wp-content\/uploads\/2026\/03\/cropped-Ajouter-un-titre2.png"},"sameAs":["http:\/\/sommerfoodle.com"]}]}},"_links":{"self":[{"href":"https:\/\/sommerfoodle.com\/fr\/wp-json\/wp\/v2\/pages\/33","targetHints":{"allow":["GET"]}}],"collection":[{"href":"https:\/\/sommerfoodle.com\/fr\/wp-json\/wp\/v2\/pages"}],"about":[{"href":"https:\/\/sommerfoodle.com\/fr\/wp-json\/wp\/v2\/types\/page"}],"author":[{"embeddable":true,"href":"https:\/\/sommerfoodle.com\/fr\/wp-json\/wp\/v2\/users\/1"}],"replies":[{"embeddable":true,"href":"https:\/\/sommerfoodle.com\/fr\/wp-json\/wp\/v2\/comments?post=33"}],"version-history":[{"count":2,"href":"https:\/\/sommerfoodle.com\/fr\/wp-json\/wp\/v2\/pages\/33\/revisions"}],"predecessor-version":[{"id":803,"href":"https:\/\/sommerfoodle.com\/fr\/wp-json\/wp\/v2\/pages\/33\/revisions\/803"}],"wp:attachment":[{"href":"https:\/\/sommerfoodle.com\/fr\/wp-json\/wp\/v2\/media?parent=33"}],"curies":[{"name":"wp","href":"https:\/\/api.w.org\/{rel}","templated":true}]}}